{"id":1129,"date":"2023-06-17T17:52:18","date_gmt":"2023-06-17T17:52:18","guid":{"rendered":"https:\/\/www.sfkm2023.ipb.ac.rs\/?page_id=1129"},"modified":"2023-06-17T17:56:50","modified_gmt":"2023-06-17T17:56:50","slug":"registered-participants-2","status":"publish","type":"page","link":"https:\/\/www.sfkm2023.ipb.ac.rs\/?page_id=1129","title":{"rendered":"Registered Participants"},"content":{"rendered":"<div id=\"pl-1129\"  class=\"panel-layout\" ><div id=\"pg-1129-0\"  class=\"panel-grid panel-no-style\" ><div id=\"pgc-1129-0-0\"  class=\"panel-grid-cell\" ><div id=\"panel-1129-0-0-0\" class=\"so-panel widget widget_sow-headline panel-first-child\" data-index=\"0\" ><div\n\t\t\t\n\t\t\tclass=\"so-widget-sow-headline so-widget-sow-headline-default-d6db24c2db75-1129\"\n\t\t\t\n\t\t><div class=\"sow-headline-container \">\n\t<h2 class='sow-headline'>REGISTERED PARTICIPANTS<\/h2>\t\t\t\t\t<div class=\"decoration\">\n\t\t\t\t\t\t<div class=\"decoration-inside\"><\/div>\n\t\t\t\t\t<\/div>\n\t\t\t\t\t<\/div><\/div><\/div><div id=\"panel-1129-0-0-1\" class=\"so-panel widget widget_siteorigin-panels-builder panel-last-child\" data-index=\"1\" ><div id=\"pl-w648df3e297bc5\"  class=\"panel-layout\" ><div id=\"pg-w648df3e297bc5-0\"  class=\"panel-grid panel-no-style\" ><div id=\"pgc-w648df3e297bc5-0-0\"  class=\"panel-grid-cell\" ><div id=\"panel-w648df3e297bc5-0-0-0\" class=\"so-panel widget widget_sow-editor panel-first-child panel-last-child\" data-index=\"0\" ><div\n\t\t\t\n\t\t\tclass=\"so-widget-sow-editor so-widget-sow-editor-base\"\n\t\t\t\n\t\t>\n<div class=\"siteorigin-widget-tinymce textwidget\">\n\t<table width=\"216\">\n<tbody>\n<tr>\n<td width=\"103\">Benjamin<\/td>\n<td width=\"113\">Martinez<\/td>\n<\/tr>\n<tr>\n<td>Alberto<\/td>\n<td>Pomar<\/td>\n<\/tr>\n<tr>\n<td>Borislav<\/td>\n<td>Vasi\u0107<\/td>\n<\/tr>\n<tr>\n<td>Axel<\/td>\n<td>Pelster<\/td>\n<\/tr>\n<tr>\n<td>Bojana<\/td>\n<td>Vi\u0161i\u0107<\/td>\n<\/tr>\n<tr>\n<td>Vladimir<\/td>\n<td>Damljanovi\u0107<\/td>\n<\/tr>\n<tr>\n<td>Laszlo<\/td>\n<td>Forro<\/td>\n<\/tr>\n<tr>\n<td>Srdjan<\/td>\n<td>Stavri\u0107<\/td>\n<\/tr>\n<tr>\n<td>Sanja<\/td>\n<td>Djurdjic Mijin<\/td>\n<\/tr>\n<tr>\n<td>Sandra<\/td>\n<td>Zivanovic<\/td>\n<\/tr>\n<tr>\n<td>Slobodan<\/td>\n<td>Maleti\u0107<\/td>\n<\/tr>\n<tr>\n<td>Milan<\/td>\n<td>Radovi\u0107<\/td>\n<\/tr>\n<tr>\n<td>Jaroslav<\/td>\n<td>Fabian<\/td>\n<\/tr>\n<tr>\n<td>Igor<\/td>\n<td>Herbut<\/td>\n<\/tr>\n<tr>\n<td>Darko<\/td>\n<td>Tanaskovi\u0107<\/td>\n<\/tr>\n<tr>\n<td>Vladimir<\/td>\n<td>Djokovi\u0107<\/td>\n<\/tr>\n<tr>\n<td>Milica<\/td>\n<td>Milovanovi\u0107<\/td>\n<\/tr>\n<tr>\n<td>Kurt<\/td>\n<td>Hingerl<\/td>\n<\/tr>\n<tr>\n<td>Marko<\/td>\n<td>Spasenovi\u0107<\/td>\n<\/tr>\n<tr>\n<td>Djordje<\/td>\n<td>Spasojevi\u0107<\/td>\n<\/tr>\n<tr>\n<td>Vladan<\/td>\n<td>Stevanovi\u0107<\/td>\n<\/tr>\n<tr>\n<td>Stanko<\/td>\n<td>Tomi\u0107<\/td>\n<\/tr>\n<tr>\n<td>Zoran<\/td>\n<td>Ikoni\u0107<\/td>\n<\/tr>\n<tr>\n<td>Dragana<\/td>\n<td>Popovi\u0107<\/td>\n<\/tr>\n<tr>\n<td>Diana<\/td>\n<td>Duli\u0107<\/td>\n<\/tr>\n<tr>\n<td>Emil<\/td>\n<td>Bo\u017ein<\/td>\n<\/tr>\n<tr>\n<td>Suzana<\/td>\n<td>Miladi\u0107<\/td>\n<\/tr>\n<tr>\n<td>Tea<\/td>\n<td>Belojica<\/td>\n<\/tr>\n<tr>\n<td>Jovan<\/td>\n<td>Blagojevi\u0107<\/td>\n<\/tr>\n<tr>\n<td>Martin<\/td>\n<td>Gmitra<\/td>\n<\/tr>\n<tr>\n<td>Dragutin<\/td>\n<td>Jovkovi\u0107<\/td>\n<\/tr>\n<tr>\n<td>Natasa<\/td>\n<td>Ad\u017ei\u0107<\/td>\n<\/tr>\n<tr>\n<td>Ana<\/td>\n<td>Milosavljevi\u0107<\/td>\n<\/tr>\n<tr>\n<td>Marjana<\/td>\n<td>Le\u017eai\u0107<\/td>\n<\/tr>\n<tr>\n<td>Peter<\/td>\n<td>Prelov\u0161ek<\/td>\n<\/tr>\n<tr>\n<td>Nenad<\/td>\n<td>Lazarevi\u0107<\/td>\n<\/tr>\n<tr>\n<td>Andrijana<\/td>\n<td>\u0160olaji\u0107<\/td>\n<\/tr>\n<tr>\n<td>Marko<\/td>\n<td>Milivojevi\u0107<\/td>\n<\/tr>\n<tr>\n<td>Stevan<\/td>\n<td>Nadj-Perge<\/td>\n<\/tr>\n<tr>\n<td>Ivan<\/td>\n<td>Radovi\u0107<\/td>\n<\/tr>\n<tr>\n<td>Ivna<\/td>\n<td>Kavre Piltaver<\/td>\n<\/tr>\n<tr>\n<td>Veljko<\/td>\n<td>Jankovi\u0107<\/td>\n<\/tr>\n<tr>\n<td>Miroslav<\/td>\n<td>Drami\u0107anin<\/td>\n<\/tr>\n<tr>\n<td>Miljko<\/td>\n<td>Satari\u0107<\/td>\n<\/tr>\n<tr>\n<td>Rudi<\/td>\n<td>Hackl<\/td>\n<\/tr>\n<tr>\n<td>Klaas-Jan<\/td>\n<td>Tielrooij<\/td>\n<\/tr>\n<tr>\n<td>Ivana<\/td>\n<td>Milo\u0161evi\u0107<\/td>\n<\/tr>\n<tr>\n<td>Xianggang<\/td>\n<td>Qiu<\/td>\n<\/tr>\n<tr>\n<td>Qingming<\/td>\n<td>Zhang<\/td>\n<\/tr>\n<tr>\n<td>Bogdan<\/td>\n<td>Stanojevi\u0107<\/td>\n<\/tr>\n<tr>\n<td>Irina<\/td>\n<td>Petrovi\u0107<\/td>\n<\/tr>\n<tr>\n<td>Radomir<\/td>\n<td>\u017diki\u0107<\/td>\n<\/tr>\n<tr>\n<td>Milivoje<\/td>\n<td>Had\u017eijoji\u0107<\/td>\n<\/tr>\n<tr>\n<td>Ivanka<\/td>\n<td>Milo\u0161evi\u0107<\/td>\n<\/tr>\n<tr>\n<td>Milan<\/td>\n<td>Damnjanovi\u0107<\/td>\n<\/tr>\n<tr>\n<td>Ana<\/td>\n<td>Hudomal<\/td>\n<\/tr>\n<tr>\n<td>Caslav<\/td>\n<td>Brukner<\/td>\n<\/tr>\n<tr>\n<td>Nevena<\/td>\n<td>\u0106eli\u0107<\/td>\n<\/tr>\n<tr>\n<td>Julija<\/td>\n<td>\u0160\u0107epanovi\u0107<\/td>\n<\/tr>\n<tr>\n<td>Antun<\/td>\n<td>Bala\u017e<\/td>\n<\/tr>\n<tr>\n<td>Petar<\/td>\n<td>Mitri\u0107<\/td>\n<\/tr>\n<tr>\n<td>Vladimir<\/td>\n<td>Jovanovi\u0107<\/td>\n<\/tr>\n<tr>\n<td>Petar<\/td>\n<td>Mali<\/td>\n<\/tr>\n<tr>\n<td>Sonja<\/td>\n<td>Gombar<\/td>\n<\/tr>\n<tr>\n<td>Kristina<\/td>\n<td>Popovi\u0107<\/td>\n<\/tr>\n<tr>\n<td>Milan<\/td>\n<td>Petrovic<\/td>\n<\/tr>\n<tr>\n<td>Nikola<\/td>\n<td>Star\u010devi\u0107<\/td>\n<\/tr>\n<tr>\n<td>Marija<\/td>\n<td>Mitrovi\u0107 Dankulov<\/td>\n<\/tr>\n<tr>\n<td>Darja<\/td>\n<td>Cvetkovi\u0107<\/td>\n<\/tr>\n<tr>\n<td>Bo\u017eidar<\/td>\n<td>\u0160o\u0161ki\u0107<\/td>\n<\/tr>\n<tr>\n<td>Jeremija<\/td>\n<td>Kova\u010devi\u0107<\/td>\n<\/tr>\n<tr>\n<td>Borivoje<\/td>\n<td>Daki\u0107<\/td>\n<\/tr>\n<tr>\n<td>Ljiljana<\/td>\n<td>Stevanovi\u0107<\/td>\n<\/tr>\n<tr>\n<td>Christian<\/td>\n<td>Teichert<\/td>\n<\/tr>\n<tr>\n<td>Aleksandar<\/td>\n<td>Tomovi\u0107<\/td>\n<\/tr>\n<tr>\n<td>Micho<\/td>\n<td>\u0110ur\u0111evich<\/td>\n<\/tr>\n<tr>\n<td>Jianlin<\/td>\n<td>Luo<\/td>\n<\/tr>\n<tr>\n<td>\u00a0Bo\u017eidar<\/td>\n<td>Nikoli\u0107<\/td>\n<\/tr>\n<tr>\n<td>Ivana<\/td>\n<td>Vasi\u0107<\/td>\n<\/tr>\n<tr>\n<td>\u017deljko<\/td>\n<td>\u0160ljivancanin<\/td>\n<\/tr>\n<tr>\n<td>\u041c\u0430\u0440\u043a\u043e<\/td>\n<td>Orozovic<\/td>\n<\/tr>\n<tr>\n<td>Mitra<\/td>\n<td>Stepi\u0107<\/td>\n<\/tr>\n<tr>\n<td>Jelena<\/td>\n<td>Pe\u0161i\u0107<\/td>\n<\/tr>\n<tr>\n<td>Zorica<\/td>\n<td>Konstantinovi\u0107<\/td>\n<\/tr>\n<tr>\n<td>Vladimir<\/td>\n<td>Dobrosavljevi\u0107<\/td>\n<\/tr>\n<tr>\n<td>Jelena<\/td>\n<td>Mitri\u0107<\/td>\n<\/tr>\n<tr>\n<td>Aleksandra<\/td>\n<td>Strini\u0107<\/td>\n<\/tr>\n<tr>\n<td>Denis<\/td>\n<td>\u0160abani<\/td>\n<\/tr>\n<tr>\n<td>Novak<\/td>\n<td>Stanojevi\u0107<\/td>\n<\/tr>\n<tr>\n<td>Cedomir<\/td>\n<td>Petrovic<\/td>\n<\/tr>\n<tr>\n<td>Marija<\/td>\n<td>Drndi\u0107<\/td>\n<\/tr>\n<tr>\n<td>Marko<\/td>\n<td>Lon\u010dar<\/td>\n<\/tr>\n<tr>\n<td>Wei<\/td>\n<td>Ku<\/td>\n<\/tr>\n<tr>\n<td>Gyula<\/td>\n<td>Eres<\/td>\n<\/tr>\n<tr>\n<td>Milorad<\/td>\n<td>Milo\u0161evi\u0107<\/td>\n<\/tr>\n<tr>\n<td>Branislav<\/td>\n<td>Nikoli\u0107<\/td>\n<\/tr>\n<tr>\n<td>Janina<\/td>\n<td>Maultzsch<\/td>\n<\/tr>\n<tr>\n<td>Milo\u0161<\/td>\n<td>Dra\u017ei\u0107<\/td>\n<\/tr>\n<tr>\n<td>Denis<\/td>\n<td>Mujo<\/td>\n<\/tr>\n<tr>\n<td>Dusan<\/td>\n<td>Bo\u017eani\u0107<\/td>\n<\/tr>\n<tr>\n<td>Zoran<\/td>\n<td>Popovi\u0107<\/td>\n<\/tr>\n<tr>\n<td>Nata\u0161a<\/td>\n<td>Lazi\u0107<\/td>\n<\/tr>\n<tr>\n<td>Sa\u0161a<\/td>\n<td>Dmitrovi\u0107<\/td>\n<\/tr>\n<tr>\n<td>Stefan<\/td>\n<td>Joka<\/td>\n<\/tr>\n<tr>\n<td>Igor<\/td>\n<td>Popov<\/td>\n<\/tr>\n<tr>\n<td>Tijana<\/td>\n<td>Toma\u0161evi\u0107-Ili\u0107<\/td>\n<\/tr>\n<\/tbody>\n<\/table>\n<\/div>\n<\/div><\/div><\/div><div id=\"pgc-w648df3e297bc5-0-1\"  class=\"panel-grid-cell panel-grid-cell-empty panel-grid-cell-mobile-last\" ><\/div><div id=\"pgc-w648df3e297bc5-0-2\"  class=\"panel-grid-cell panel-grid-cell-empty\" ><\/div><\/div><\/div><\/div><\/div><div id=\"pgc-1129-0-1\"  class=\"panel-grid-cell\" ><div id=\"panel-1129-0-1-0\" class=\"so-panel widget widget_sow-headline panel-first-child\" data-index=\"2\" ><div\n\t\t\t\n\t\t\tclass=\"so-widget-sow-headline so-widget-sow-headline-default-d6db24c2db75-1129\"\n\t\t\t\n\t\t><div class=\"sow-headline-container \">\n\t<h2 class='sow-headline'>NEWS<\/h2>\t\t\t\t\t<div class=\"decoration\">\n\t\t\t\t\t\t<div class=\"decoration-inside\"><\/div>\n\t\t\t\t\t<\/div>\n\t\t\t\t\t<\/div><\/div><\/div><div id=\"panel-1129-0-1-1\" class=\"so-panel widget widget_rpwe_widget rpwe_widget recent-posts-extended panel-last-child\" data-index=\"3\" ><div  class=\"rpwe-block\"><ul class=\"rpwe-ul\"><li class=\"rpwe-li rpwe-clearfix\"><h3 class=\"rpwe-title\"><a href=\"https:\/\/www.sfkm2023.ipb.ac.rs\/?p=1219\" target=\"_self\">SFKM 2023 Gallery<\/a><\/h3><time class=\"rpwe-time published\" datetime=\"2023-06-27T21:32:15+00:00\">June 27, 2023<\/time><div class=\"rpwe-summary\">Gallery is here! Be sure to check it out!<\/div><\/li><li class=\"rpwe-li rpwe-clearfix\"><h3 class=\"rpwe-title\"><a href=\"https:\/\/www.sfkm2023.ipb.ac.rs\/?p=1183\" target=\"_self\">Conference Excursion Details<\/a><\/h3><time class=\"rpwe-time published\" datetime=\"2023-06-27T21:01:16+00:00\">June 27, 2023<\/time><div class=\"rpwe-summary\">Please check here when is your scheduled time for conference excursion<\/div><\/li><li class=\"rpwe-li rpwe-clearfix\"><h3 class=\"rpwe-title\"><a href=\"https:\/\/www.sfkm2023.ipb.ac.rs\/?p=1174\" target=\"_self\">Local information<\/a><\/h3><time class=\"rpwe-time published\" datetime=\"2023-06-26T22:16:36+00:00\">June 26, 2023<\/time><div class=\"rpwe-summary\">We provided few suggestions for restaurants in vicinity of Conference Venue on our page LOCAL INFORMATION<\/div><\/li><li class=\"rpwe-li rpwe-clearfix\"><h3 class=\"rpwe-title\"><a href=\"https:\/\/www.sfkm2023.ipb.ac.rs\/?p=1164\" target=\"_self\">Transport from the airport<\/a><\/h3><time class=\"rpwe-time published\" datetime=\"2023-06-25T14:04:12+00:00\">June 25, 2023<\/time><div class=\"rpwe-summary\">IMPORTANT: When using a taxi service from the airport, make sure to avoid being overcharged by always checking the taxi vehicle registration number and ensuring &hellip;<\/div><\/li><li class=\"rpwe-li rpwe-clearfix\"><h3 class=\"rpwe-title\"><a href=\"https:\/\/www.sfkm2023.ipb.ac.rs\/?p=1146\" target=\"_self\">SCMP 2023 Program is LIVE<\/a><\/h3><time class=\"rpwe-time published\" datetime=\"2023-06-19T08:59:25+00:00\">June 19, 2023<\/time><div class=\"rpwe-summary\">CLICK HERE for the conference program<\/div><\/li><\/ul><\/div><!-- Generated by http:\/\/wordpress.org\/plugins\/recent-posts-widget-extended\/ --><\/div><\/div><\/div><\/div>","protected":false},"excerpt":{"rendered":"<p>Benjamin Martinez Alberto Pomar Borislav Vasi\u0107 Axel Pelster Bojana Vi\u0161i\u0107 Vladimir Damljanovi\u0107 Laszlo Forro Srdjan Stavri\u0107 Sanja Djurdjic Mijin Sandra Zivanovic Slobodan Maleti\u0107 Milan Radovi\u0107 Jaroslav Fabian Igor Herbut Darko Tanaskovi\u0107 Vladimir Djokovi\u0107 Milica Milovanovi\u0107 Kurt Hingerl Marko Spasenovi\u0107 Djordje Spasojevi\u0107 Vladan Stevanovi\u0107 Stanko Tomi\u0107 Zoran Ikoni\u0107 Dragana Popovi\u0107 Diana Duli\u0107 Emil Bo\u017ein Suzana Miladi\u0107 [&hellip;]<\/p>\n","protected":false},"author":1,"featured_media":0,"parent":0,"menu_order":0,"comment_status":"closed","ping_status":"closed","template":"","meta":[],"_links":{"self":[{"href":"https:\/\/www.sfkm2023.ipb.ac.rs\/index.php?rest_route=\/wp\/v2\/pages\/1129"}],"collection":[{"href":"https:\/\/www.sfkm2023.ipb.ac.rs\/index.php?rest_route=\/wp\/v2\/pages"}],"about":[{"href":"https:\/\/www.sfkm2023.ipb.ac.rs\/index.php?rest_route=\/wp\/v2\/types\/page"}],"author":[{"embeddable":true,"href":"https:\/\/www.sfkm2023.ipb.ac.rs\/index.php?rest_route=\/wp\/v2\/users\/1"}],"replies":[{"embeddable":true,"href":"https:\/\/www.sfkm2023.ipb.ac.rs\/index.php?rest_route=%2Fwp%2Fv2%2Fcomments&post=1129"}],"version-history":[{"count":7,"href":"https:\/\/www.sfkm2023.ipb.ac.rs\/index.php?rest_route=\/wp\/v2\/pages\/1129\/revisions"}],"predecessor-version":[{"id":1136,"href":"https:\/\/www.sfkm2023.ipb.ac.rs\/index.php?rest_route=\/wp\/v2\/pages\/1129\/revisions\/1136"}],"wp:attachment":[{"href":"https:\/\/www.sfkm2023.ipb.ac.rs\/index.php?rest_route=%2Fwp%2Fv2%2Fmedia&parent=1129"}],"curies":[{"name":"wp","href":"https:\/\/api.w.org\/{rel}","templated":true}]}}