{"id":10,"date":"2019-05-08T22:50:53","date_gmt":"2019-05-08T22:50:53","guid":{"rendered":"https:\/\/www.sfkm2023.ipb.ac.rs\/?page_id=10"},"modified":"2023-06-17T17:18:42","modified_gmt":"2023-06-17T17:18:42","slug":"invited-speakers","status":"publish","type":"page","link":"https:\/\/www.sfkm2023.ipb.ac.rs\/?page_id=10","title":{"rendered":"Invited Speakers"},"content":{"rendered":"<div id=\"pl-gb10-6a02443c2ea37\"  class=\"panel-layout\" ><div id=\"pg-gb10-6a02443c2ea37-0\"  class=\"panel-grid panel-no-style\" ><div id=\"pgc-gb10-6a02443c2ea37-0-0\"  class=\"panel-grid-cell\" ><div id=\"panel-gb10-6a02443c2ea37-0-0-0\" class=\"so-panel widget widget_sow-headline panel-first-child\" data-index=\"0\" ><div\n\t\t\t\n\t\t\tclass=\"so-widget-sow-headline so-widget-sow-headline-default-d6db24c2db75-10\"\n\t\t\t\n\t\t><div class=\"sow-headline-container \">\n\t<h2 class='sow-headline'>Invited Speakers at 21st Symposium on Condensed Matter Physics &#8211; SFKM 2023<\/h2>\t\t\t\t\t<div class=\"decoration\">\n\t\t\t\t\t\t<div class=\"decoration-inside\"><\/div>\n\t\t\t\t\t<\/div>\n\t\t\t\t\t<\/div><\/div><\/div><div id=\"panel-gb10-6a02443c2ea37-0-0-1\" class=\"so-panel widget widget_sow-editor panel-last-child\" data-index=\"1\" ><div\n\t\t\t\n\t\t\tclass=\"so-widget-sow-editor so-widget-sow-editor-base\"\n\t\t\t\n\t\t>\n<div class=\"siteorigin-widget-tinymce textwidget\">\n\t<ul>\n<li>Antun Bala\u017e, Institute of Physics Belgrade, Serbia*<\/li>\n<li>Emil Bo\u017ein, Brookhaven National Laboratory USA*<\/li>\n<li>\u010caslav Brukner, University of Vienna, Faculty of Physics, Austria*<\/li>\n<li>Milan Damnjanovi\u0107, Faculty of Physics, Belgrade, Serbia*<\/li>\n<li>Borivoje Daki\u0107, University of Vienna, Faculty of Physics, Austria*<\/li>\n<li>Vladimir Dobrosavljevi\u0107, Florida State University, USA*<\/li>\n<li>Miroslav Drami\u0107anin, Institute &#8220;Vin\u010da&#8221;, Belgrade, Serbia*<\/li>\n<li>Marija Drndi\u0107 University of Pennsylvania USA*<\/li>\n<li>Diana Duli\u0107, University of Chile, Chile*<\/li>\n<li>Vladimir \u0110okovi\u0107, Institute &#8220;Vin\u010da&#8221;, Belgrade, Serbia*<\/li>\n<li>Mi\u0107o \u0110ur\u0111evi\u0107 National Autonomous University of Mexico Mexico*<\/li>\n<li>Gyula Eres, Oak Ridge National Laboratory, USA*<\/li>\n<li>Jaroslav Fabian, University of Regensburg, Germany*<\/li>\n<li>Laszl\u00f3 Forr\u00f3, University of <em>Notre Dame<\/em>, USA*<\/li>\n<li>Rudi Hackl, Walther Meissner Institute, Germany*<\/li>\n<li>Igor Herbut, Simon Fraser University, Canada*<\/li>\n<li>Kurt Hingerl, Johannes Kepler University, Austria*<\/li>\n<li>Zoran Ikoni\u0107, University of Leeds, UK*<\/li>\n<li>Wei Ku, T.D. Lee Institut, Shanghai, China*<\/li>\n<li>Nenad Lazarevi\u0107, Institute of Physics Belgrade, Serbia*<\/li>\n<li>Marjana Le\u017eai\u0107, Forschungszentrum J\u00fclich, Germany*<\/li>\n<li><span dir=\"ltr\" role=\"presentation\">Jianlin<\/span> <span dir=\"ltr\" role=\"presentation\">LUO, <\/span><span dir=\"ltr\" role=\"presentation\">I<\/span><span dir=\"ltr\" role=\"presentation\">nstitute of Physics, <\/span><span dir=\"ltr\" role=\"presentation\">Chinese Academy of<\/span> <span dir=\"ltr\" role=\"presentation\">Sciences, China*<br \/>\n<\/span><\/li>\n<li>Marko Lon\u010dar, Harvard University USA*<\/li>\n<li>Janina Maultzsch, Institute of Condensed Matter Physics, Erlangen, Germany*<\/li>\n<li>Benjamin Mart\u00ednez, Institute of Material Science Barcelona, Spain *<\/li>\n<li>Ivanka Milo\u0161evi\u0107, Faculty of Physics, Belgrade, Serbia*<\/li>\n<li>Milorad Milo\u0161evi\u0107, University of Antwerp, Belgium*<\/li>\n<li>Milica Milovanovi\u0107, Institute of Physics Belgrade, Serbia*<\/li>\n<li>Marija Mitrovi\u0107 Dankulov, Institute of Physics Belgrade, Serbia*<\/li>\n<li>Stevan Nadj-Perge, CALTECH, USA*<\/li>\n<li>Branislav Nikoli\u0107, University of Delaware, USA*<\/li>\n<li>Axel Pelster, University of Kaiserslautern, Germany*<\/li>\n<li>Cedomir Petrovic, Brookhaven National Laboratory, USA*<\/li>\n<li>Peter Prelov\u0161ek, Jo\u017eef \u0160tefan Institute, Slovenia*<\/li>\n<li>Dragana Popovi\u0107, National High Magnetic Field Laboratory, USA*<\/li>\n<li><span dir=\"ltr\" role=\"presentation\">Xianggang Qiu<\/span>, <span dir=\"ltr\" role=\"presentation\">Institute of Physics, Chinese Academy of S<\/span><span dir=\"ltr\" role=\"presentation\">c<\/span><span dir=\"ltr\" role=\"presentation\">iences<\/span>, China*<\/li>\n<li>Qingming Zhang, Beijing Institute of Technology, China*<\/li>\n<li>Milan Radovi\u0107, Paul Scherrer Institute, Switzerland*<\/li>\n<li>Velimir Radmilovi\u0107, Serbian Academy of Science and Art, Serbia*<\/li>\n<li>Miljko Satari\u0107, Faculty of Technical Sciences, University of Novi Sad, Serbia*<\/li>\n<li>Marko Spasenovi\u0107, Institute of Chemistry, Technology and Metallurgy, Serbia*<\/li>\n<li>\u0110or\u0111e Spasojevi\u0107, Faculty of Physics, Belgrade, Serbia*<\/li>\n<li>Vladan Stevanovi\u0107, Colorado School of Mines USA*<\/li>\n<li>Bosiljka Tadi\u0107, Jo\u017eef \u0160tefan Institute, Slovenia*<\/li>\n<li>Darko Tanaskovi\u0107, Institute of Physics Belgrade, Serbia*<\/li>\n<li>Christian Teichert, Institute of Physics, Montanuniversit\u00e4t Leoben, Austria*<\/li>\n<li>Klaas-Jan Tielrooij, ICN2 Catalan Institute of Nanoscience and Nanotechnology, Spain*<\/li>\n<li>Stanko Tomi\u0107, Institute &#8220;Vin\u010da&#8221;, Belgrade, Serbia*<\/li>\n<li>Borislav Vasi\u0107, Institute of Physics Belgrade, Serbia*<span id=\"page3R_mcid45\" class=\"markedContent\"><\/span><\/li>\n<\/ul>\n<p>MORE TBA<\/p>\n<p>* invitation accepted<\/p>\n<\/div>\n<\/div><\/div><\/div><div id=\"pgc-gb10-6a02443c2ea37-0-1\"  class=\"panel-grid-cell\" ><div id=\"panel-gb10-6a02443c2ea37-0-1-0\" class=\"so-panel widget widget_sow-headline panel-first-child\" data-index=\"2\" ><div\n\t\t\t\n\t\t\tclass=\"so-widget-sow-headline so-widget-sow-headline-default-d6db24c2db75-10\"\n\t\t\t\n\t\t><div class=\"sow-headline-container \">\n\t<h2 class='sow-headline'>NEWS<\/h2>\t\t\t\t\t<div class=\"decoration\">\n\t\t\t\t\t\t<div class=\"decoration-inside\"><\/div>\n\t\t\t\t\t<\/div>\n\t\t\t\t\t<\/div><\/div><\/div><div id=\"panel-gb10-6a02443c2ea37-0-1-1\" class=\"so-panel widget widget_rpwe_widget rpwe_widget recent-posts-extended panel-last-child\" data-index=\"3\" ><div  class=\"rpwe-block\"><ul class=\"rpwe-ul\"><li class=\"rpwe-li rpwe-clearfix\"><h3 class=\"rpwe-title\"><a href=\"https:\/\/www.sfkm2023.ipb.ac.rs\/?p=1219\" target=\"_self\">SFKM 2023 Gallery<\/a><\/h3><time class=\"rpwe-time published\" datetime=\"2023-06-27T21:32:15+00:00\">June 27, 2023<\/time><div class=\"rpwe-summary\">Gallery is here! Be sure to check it out!<\/div><\/li><li class=\"rpwe-li rpwe-clearfix\"><h3 class=\"rpwe-title\"><a href=\"https:\/\/www.sfkm2023.ipb.ac.rs\/?p=1183\" target=\"_self\">Conference Excursion Details<\/a><\/h3><time class=\"rpwe-time published\" datetime=\"2023-06-27T21:01:16+00:00\">June 27, 2023<\/time><div class=\"rpwe-summary\">Please check here when is your scheduled time for conference excursion<\/div><\/li><li class=\"rpwe-li rpwe-clearfix\"><h3 class=\"rpwe-title\"><a href=\"https:\/\/www.sfkm2023.ipb.ac.rs\/?p=1174\" target=\"_self\">Local information<\/a><\/h3><time class=\"rpwe-time published\" datetime=\"2023-06-26T22:16:36+00:00\">June 26, 2023<\/time><div class=\"rpwe-summary\">We provided few suggestions for restaurants in vicinity of Conference Venue on our page LOCAL INFORMATION<\/div><\/li><li class=\"rpwe-li rpwe-clearfix\"><h3 class=\"rpwe-title\"><a href=\"https:\/\/www.sfkm2023.ipb.ac.rs\/?p=1164\" target=\"_self\">Transport from the airport<\/a><\/h3><time class=\"rpwe-time published\" datetime=\"2023-06-25T14:04:12+00:00\">June 25, 2023<\/time><div class=\"rpwe-summary\">IMPORTANT: When using a taxi service from the airport, make sure to avoid being overcharged by always checking the taxi vehicle registration number and ensuring &hellip;<\/div><\/li><li class=\"rpwe-li rpwe-clearfix\"><h3 class=\"rpwe-title\"><a href=\"https:\/\/www.sfkm2023.ipb.ac.rs\/?p=1146\" target=\"_self\">SCMP 2023 Program is LIVE<\/a><\/h3><time class=\"rpwe-time published\" datetime=\"2023-06-19T08:59:25+00:00\">June 19, 2023<\/time><div class=\"rpwe-summary\">CLICK HERE for the conference program<\/div><\/li><\/ul><\/div><!-- Generated by http:\/\/wordpress.org\/plugins\/recent-posts-widget-extended\/ --><\/div><\/div><\/div><\/div>","protected":false},"excerpt":{"rendered":"","protected":false},"author":1,"featured_media":0,"parent":0,"menu_order":0,"comment_status":"closed","ping_status":"closed","template":"","meta":[],"_links":{"self":[{"href":"https:\/\/www.sfkm2023.ipb.ac.rs\/index.php?rest_route=\/wp\/v2\/pages\/10"}],"collection":[{"href":"https:\/\/www.sfkm2023.ipb.ac.rs\/index.php?rest_route=\/wp\/v2\/pages"}],"about":[{"href":"https:\/\/www.sfkm2023.ipb.ac.rs\/index.php?rest_route=\/wp\/v2\/types\/page"}],"author":[{"embeddable":true,"href":"https:\/\/www.sfkm2023.ipb.ac.rs\/index.php?rest_route=\/wp\/v2\/users\/1"}],"replies":[{"embeddable":true,"href":"https:\/\/www.sfkm2023.ipb.ac.rs\/index.php?rest_route=%2Fwp%2Fv2%2Fcomments&post=10"}],"version-history":[{"count":34,"href":"https:\/\/www.sfkm2023.ipb.ac.rs\/index.php?rest_route=\/wp\/v2\/pages\/10\/revisions"}],"predecessor-version":[{"id":1107,"href":"https:\/\/www.sfkm2023.ipb.ac.rs\/index.php?rest_route=\/wp\/v2\/pages\/10\/revisions\/1107"}],"wp:attachment":[{"href":"https:\/\/www.sfkm2023.ipb.ac.rs\/index.php?rest_route=%2Fwp%2Fv2%2Fmedia&parent=10"}],"curies":[{"name":"wp","href":"https:\/\/api.w.org\/{rel}","templated":true}]}}